{"id":295,"date":"2016-04-02T20:55:29","date_gmt":"2016-04-02T20:55:29","guid":{"rendered":"http:\/\/denniskopp.de\/?page_id=295"},"modified":"2024-09-29T14:04:20","modified_gmt":"2024-09-29T14:04:20","slug":"services","status":"publish","type":"page","link":"https:\/\/denniskopp.de\/?page_id=295","title":{"rendered":"Services"},"content":{"rendered":"<p>Seit \u00fcber 15 Jahren arbeite ich als <strong>Trainer<\/strong>, <strong>Coach<\/strong> und <strong>Berater<\/strong> in den Bereichen <strong>Projektmanagement<\/strong>, <strong>Personalentwicklung<\/strong> und <strong>Organisationsentwicklung<\/strong>. Gerade die risikoreiche und komplexe Projektumgebung erfordert einen ganzheitlichen Ansatz, da Einzelma\u00dfnahmen sonst nicht vollst\u00e4ndig wirken k\u00f6nnen. Bei sehr umfassenden Herausforderungen kann ich auf eine erprobte Partnerschaft mit weiteren Spezialisten zur\u00fcckgreifen, um ein Team zu formen.<\/p>\n<p><strong>Ausbildung Ihrer einzelnen Mitarbeiter oder ganzer Teams: Training<\/strong><\/p>\n<ul>\n<li>Projekt-, Programm- und Portfoliomanagement (z.B. Grundlagen, Vertiefung Risikomanagement, Zertifizierungsvorbereitungen jeweils nach PMI, PRINCE2, IPMA und Agil \/ SCRUM)<\/li>\n<li>Soft Skills (z. B. Wirksame F\u00fchrung, Umgang mit Konflikten, Motivation, Selbstorganisation)<\/li>\n<li>Train the Trainer (z. B. Peer-Trainer)<\/li>\n<\/ul>\n<p>Die wirtschaftliche und technologische Entwicklung geht immer mehr in Richtung komplex vernetzter Strukturen. Erheblicher Zeit-, Kosten- und Leistungsdruck sind die Folgen. Nach meinen Erfahrungen ist eine S\u00e4ule des Erfolgs ein angemessenes Training der Mitarbeiter und Manager, um die Werkzeuge und Methoden wirksamen Zusammenarbeitens zu kennen und anwenden zu k\u00f6nnen.<\/p>\n<p>Hierbei setze ich auf eine praxisnahe Ausrichtung der Trainingsinhalte, eine lebendige Darbietung und die aktive Mitarbeit der Teilnehmer. So wird eine nachhaltige Umsetzung wissenschaftlicher und prozessorientierter Standards f\u00fcr die Berufspraxis der Teilnehmer garantiert., Meine F\u00fchrungs- und Projektpraxis, eine kontinuierliche Evaluation der einzelnen Seminare sowie meine eigene stetige Weiterbildung erm\u00f6glichen h\u00f6chste Qualit\u00e4t der Trainings. Lassen Sie sich ein Training aus den folgenden Bereichen zusammenstellen.<\/p>\n<p><strong>Hilfe zur Selbstentwicklung: Coaching<\/strong><\/p>\n<ul>\n<li>Einzelcoaching (Zielgestaltung und Weiterentwicklung anhand des\u00a0 3Q-Modells, bestehend aus Intelligence Quotient, Emotional\u00a0Quotient und Spiritual Quotient)<\/li>\n<li>Gruppencoaching (z. B. L\u00f6sen von akuten Spannungen im Team oder Ausrichtung auf das Erreichen neuer Ziele)<\/li>\n<li>Organisationscoaching (Begleitete Selbstreflexion mit Fokus auf die Organisation im Wandel der neuen Herausforderungen zur Erarbeitung neuer Optionen)<\/li>\n<\/ul>\n<p>Hilfe zur Selbstentwicklung ist mein Ansatz zu erfolgreichem Coaching. Oft reichen kleine Ver\u00e4nderungen, um einen enormen Zuwachs an Leistung zu erzeugen. Lassen Sie uns gemeinsam Ihre Ziele besprechen \u2013ich begleite Sie, bis Sie diese zu Ihrer vollsten Zufriedenheit erreicht haben.<\/p>\n<p><strong>Erprobte L\u00f6sungen f\u00fcr Ihre Herausforderungen: Beratung<\/strong><\/p>\n<ul>\n<li>Entwicklung wirksamer Projekt-, Programm- und Portfoliosysteme gem\u00e4\u00df geltender Standards (PMI, IPMA, PRINCE2, SCRUM, AGILE, DIN 69901, ISO 21500)<\/li>\n<li>Bewertung, Implementierung und Justierung optimaler Projektmethoden (z. B. Risikomanagement, Eskalation und Berichtswesen, Konfigurationsmanagement)<\/li>\n<li>Organisationsentwicklung, insbesondere in der Schnittstellengestaltung zwischen Projekten und Linie<\/li>\n<li>Gestaltung von Karrierepfadmodellen im Projektumfeld<\/li>\n<li>Projektfeuerwehr (Aufnahme des Soll- und Ist-Zustandes anhand Ihrer Daten, Entwicklung eines Aktionsplans mit der Projektleitung und den Key-Stakeholdern, Durchf\u00fchren des Plans zusammen mit Ihren Mitarbeitern und Erfolgskontrolle mit dem Management)<\/li>\n<\/ul>\n<p>Sie haben bislang dr\u00fcckende Themen in Ihrem Unternehmen vor sich hergeschoben? Eine pl\u00f6tzliche \u00c4nderung zwingt Sie, neue Wege zu gehen? Sie wachsen und stehen nun vor neuen Herausforderungen? Ich biete Ihnen eine umfassende Herangehensweise. Wir packen Ihr Anliegen gemeinsam an und finden den optimalen Weg.<\/p>\n<p>Zur\u00fcck zur <a href=\"http:\/\/www.denniskopp.de\">Startseite<\/a><\/p>\n","protected":false},"excerpt":{"rendered":"<p>Seit \u00fcber 15 Jahren arbeite ich als Trainer, Coach und Berater in den Bereichen Projektmanagement, Personalentwicklung und Organisationsentwicklung. Gerade die risikoreiche und komplexe Projektumgebung erfordert [&#8230;]<\/p>\n","protected":false},"author":1,"featured_media":0,"parent":0,"menu_order":0,"comment_status":"closed","ping_status":"closed","template":"","meta":{"footnotes":""},"class_list":["post-295","page","type-page","status-publish","hentry"],"_links":{"self":[{"href":"https:\/\/denniskopp.de\/index.php?rest_route=\/wp\/v2\/pages\/295"}],"collection":[{"href":"https:\/\/denniskopp.de\/index.php?rest_route=\/wp\/v2\/pages"}],"about":[{"href":"https:\/\/denniskopp.de\/index.php?rest_route=\/wp\/v2\/types\/page"}],"author":[{"embeddable":true,"href":"https:\/\/denniskopp.de\/index.php?rest_route=\/wp\/v2\/users\/1"}],"replies":[{"embeddable":true,"href":"https:\/\/denniskopp.de\/index.php?rest_route=%2Fwp%2Fv2%2Fcomments&post=295"}],"version-history":[{"count":13,"href":"https:\/\/denniskopp.de\/index.php?rest_route=\/wp\/v2\/pages\/295\/revisions"}],"predecessor-version":[{"id":527,"href":"https:\/\/denniskopp.de\/index.php?rest_route=\/wp\/v2\/pages\/295\/revisions\/527"}],"wp:attachment":[{"href":"https:\/\/denniskopp.de\/index.php?rest_route=%2Fwp%2Fv2%2Fmedia&parent=295"}],"curies":[{"name":"wp","href":"https:\/\/api.w.org\/{rel}","templated":true}]}}