{"id":4,"date":"2014-12-24T00:02:43","date_gmt":"2014-12-24T00:02:43","guid":{"rendered":"http:\/\/denniskopp.de\/?page_id=4"},"modified":"2023-01-30T16:20:05","modified_gmt":"2023-01-30T16:20:05","slug":"projektmanagement","status":"publish","type":"page","link":"https:\/\/denniskopp.de\/","title":{"rendered":"Starten Sie durch&#8230;"},"content":{"rendered":"<p><strong>F\u00fchrungskr\u00e4fte und Teams entwickeln.<br \/>\nDen idealen Workflow finden.<br \/>\nMehr Energie f\u00fcr Ihre Projekte.<\/strong><\/p>\n<p style=\"text-align: left;\">\n<p>Seit \u00fcber 15 Jahren arbeite ich als Trainer, Coach, Projektleiter und Berater f\u00fcr Unternehmen und Institutionen. Ich unterst\u00fctze Sie durch Trainings, Coachings und Consultingdienstleistungen.<\/p>\n<p>Ihre Ziele als Mensch oder Unternehmen stehen im Mittelpunkt und sind der Ma\u00dfstab meiner Dienstleistungen. Gemeinsam arbeiten wir an Ihrem Erfolg.<\/p>\n","protected":false},"excerpt":{"rendered":"<p>F\u00fchrungskr\u00e4fte und Teams entwickeln. Den idealen Workflow finden. Mehr Energie f\u00fcr Ihre Projekte. Seit \u00fcber 15 Jahren arbeite ich als Trainer, Coach, Projektleiter und Berater [&#8230;]<\/p>\n","protected":false},"author":1,"featured_media":0,"parent":0,"menu_order":0,"comment_status":"closed","ping_status":"open","template":"","meta":{"footnotes":""},"class_list":["post-4","page","type-page","status-publish","hentry"],"_links":{"self":[{"href":"https:\/\/denniskopp.de\/index.php?rest_route=\/wp\/v2\/pages\/4"}],"collection":[{"href":"https:\/\/denniskopp.de\/index.php?rest_route=\/wp\/v2\/pages"}],"about":[{"href":"https:\/\/denniskopp.de\/index.php?rest_route=\/wp\/v2\/types\/page"}],"author":[{"embeddable":true,"href":"https:\/\/denniskopp.de\/index.php?rest_route=\/wp\/v2\/users\/1"}],"replies":[{"embeddable":true,"href":"https:\/\/denniskopp.de\/index.php?rest_route=%2Fwp%2Fv2%2Fcomments&post=4"}],"version-history":[{"count":32,"href":"https:\/\/denniskopp.de\/index.php?rest_route=\/wp\/v2\/pages\/4\/revisions"}],"predecessor-version":[{"id":499,"href":"https:\/\/denniskopp.de\/index.php?rest_route=\/wp\/v2\/pages\/4\/revisions\/499"}],"wp:attachment":[{"href":"https:\/\/denniskopp.de\/index.php?rest_route=%2Fwp%2Fv2%2Fmedia&parent=4"}],"curies":[{"name":"wp","href":"https:\/\/api.w.org\/{rel}","templated":true}]}}